{"id":8482,"date":"2023-06-30T07:13:36","date_gmt":"2023-06-29T19:13:36","guid":{"rendered":"https:\/\/premiumusluge.hr\/datenschutz\/"},"modified":"2023-07-29T13:02:01","modified_gmt":"2023-07-29T01:02:01","slug":"datenschutz","status":"publish","type":"page","link":"https:\/\/premiumusluge.hr\/de\/datenschutz\/","title":{"rendered":"Datenschutz"},"content":{"rendered":"\n<h2 class=\"wp-block-heading\">Datenschutz<\/h2>\n\n<p>Ihre Privatsph\u00e4re ist uns sehr wichtig. Bei Premium Usluge haben wir einige grundlegende Prinzipien, denen wir folgen: <\/p>\n\n<ul class=\"wp-block-list\">\n<li>Wir fragen Sie nicht nach pers\u00f6nlichen Informationen, es sei denn, wir ben\u00f6tigen sie wirklich. (Wir k\u00f6nnen Dienste nicht leiden, die ohne erkennbaren Grund nach Dingen wie Ihrem Geschlecht oder Ihrem Einkommensniveau fragen.) <\/li>\n\n\n\n<li>Wir teilen Ihre pers\u00f6nlichen Informationen mit niemandem, au\u00dfer um gesetzlichen Bestimmungen zu entsprechen, unsere Produkte zu entwickeln oder unsere Rechte zu sch\u00fctzen.<\/li>\n\n\n\n<li>Wir speichern keine pers\u00f6nlichen Informationen auf unseren Servern, es sei denn, dies ist f\u00fcr den laufenden Betrieb unserer Website erforderlich.<\/li>\n<\/ul>\n\n<p>Es ist die Politik von Premium Usluge, Ihre Privatsph\u00e4re in Bezug auf alle Informationen zu respektieren, die wir w\u00e4hrend des Betriebs unserer Websites erfassen k\u00f6nnten.<\/p>\n\n<p><strong>Website-Besucher<\/strong><\/p>\n\n<p>Wie die meisten Website-Betreiber erhebt Premium Usluge nicht-personenbezogene Informationen, die Webbrowser und Server in der Regel verf\u00fcgbar machen, wie zum Beispiel den Browsertyp, die Spracheinstellungen, die verweisende Website sowie das Datum und die Uhrzeit jedes Besucherantrags. Der Zweck von Premium Usluge bei der Erhebung nicht-personenbezogener Informationen besteht darin, besser zu verstehen, wie Besucher ihre Website nutzen. Gelegentlich kann Premium Usluge nicht-personenbezogene Informationen in aggregierter Form ver\u00f6ffentlichen, z. B. durch Ver\u00f6ffentlichung eines Berichts \u00fcber Trends in der Nutzung ihrer Website.  <\/p>\n\n<p>Premium Usluge sammelt auch potenziell personenbezogene Informationen wie Internetprotokoll (IP)-Adressen von angemeldeten Benutzern und Benutzern, die Kommentare auf unseren Blogs hinterlassen. Premium Usluge gibt nur die IP-Adressen von angemeldeten Benutzern und Kommentatoren unter denselben Umst\u00e4nden preis, unter denen es personenbezogene Informationen, wie unten beschrieben, verwendet und preisgibt, mit der Ausnahme, dass die IP-Adressen von Blog-Kommentatoren f\u00fcr die Administratoren des Blogs, auf dem der Kommentar hinterlassen wurde, sichtbar und offen zug\u00e4nglich sind. <\/p>\n\n<p><strong>Sammeln von personenbezogenen Informationen<\/strong><\/p>\n\n<p>Bestimmte Besucher der Websites von Premium Usluge entscheiden sich daf\u00fcr, mit Premium Usluge auf Weisen zu interagieren, die von Premium Usluge die Sammlung personenbezogener Informationen erfordern. Art und Umfang der Informationen, die Premium Usluge sammelt, h\u00e4ngen von der Art der Interaktion ab. Zum Beispiel bitten wir Besucher, die auf unserem Blog kommentieren m\u00f6chten, um einen Benutzernamen und eine E-Mail-Adresse. Diejenigen, die WPBeginner-Updates per E-Mail erhalten m\u00f6chten, erfassen wir ihre E-Mails. In jedem Fall sammelt Premium Usluge solche Informationen nur in dem Ma\u00dfe, wie es f\u00fcr den Zweck der Interaktion des Besuchers mit Premium Usluge erforderlich oder angemessen ist. Premium Usluge gibt personenbezogene Informationen nur wie unten beschrieben weiter. Besucher k\u00f6nnen sich jederzeit weigern, personenbezogene Informationen anzugeben, mit dem Vorbehalt, dass dies sie m\u00f6glicherweise daran hindert, an bestimmten Aktivit\u00e4ten im Zusammenhang mit der Website teilzunehmen.      <\/p>\n\n<p><strong>Aggregierte Statistiken<\/strong><\/p>\n\n<p>Premium Usluge kann Statistiken \u00fcber das Verhalten der Besucher seiner Websites sammeln. Zum Beispiel kann Premium Usluge die beliebtesten Seiten auf der Website wpbeginner.com \u00fcberwachen oder gesperrten Spam durch den Akismet-Dienst verwenden, um Spam zu identifizieren. Premium Usluge kann diese Informationen \u00f6ffentlich anzeigen oder anderen zur Verf\u00fcgung stellen. Premium Usluge gibt jedoch personenbezogene Informationen nur wie unten beschrieben weiter.   <\/p>\n\n<p><strong>Schutz bestimmter personenbezogener Informationen<\/strong><\/p>\n\n<p>Premium Usluge gibt potenziell pers\u00f6nlich identifizierbare und pers\u00f6nlich identifizierbare Informationen nur an diejenigen seiner Mitarbeiter, Auftragnehmer und verbundenen Organisationen weiter, die (i) diese Informationen kennen m\u00fcssen, um sie im Namen von Premium Usluge zu verarbeiten oder Dienstleistungen auf den Websites von Premium Usluge anzubieten, und (ii) die sich verpflichtet haben, sie nicht an andere weiterzugeben. Einige dieser Mitarbeiter, Auftragnehmer und verbundenen Organisationen k\u00f6nnen sich au\u00dferhalb Ihres Heimatlandes befinden. Durch die Nutzung der Websites von Premium Usluge stimmen Sie der \u00dcbermittlung solcher Informationen an diese zu. Premium Usluge wird potenziell pers\u00f6nlich identifizierbare und pers\u00f6nlich identifizierbare Informationen nicht vermieten oder verkaufen. Abgesehen von seinen Mitarbeitern, Auftragnehmern und verbundenen Organisationen gibt Premium Usluge potenziell pers\u00f6nlich identifizierbare und pers\u00f6nlich identifizierbare Informationen nur in Reaktion auf eine Vorladung, einen Gerichtsbeschluss oder eine andere beh\u00f6rdliche Anforderung oder wenn Premium Usluge in gutem Glauben davon ausgeht, dass eine Offenlegung vern\u00fcnftigerweise erforderlich ist, um das Eigentum oder die Rechte von Premium Usluge, Dritten oder der \u00d6ffentlichkeit im Allgemeinen zu sch\u00fctzen. Wenn Sie ein registrierter Benutzer einer Website von Premium Usluge sind und Ihre E-Mail-Adresse angegeben haben, kann Premium Usluge Ihnen gelegentlich eine E-Mail senden, um Sie \u00fcber neue Funktionen zu informieren, Ihr Feedback einzuholen oder Sie einfach auf dem Laufenden zu halten, was bei Premium Usluge und unseren Produkten passiert. Wir verwenden in erster Linie unsere verschiedenen Produktblogs, um diese Art von Informationen zu kommunizieren, daher erwarten wir, dass wir diese Art von E-Mails auf ein Minimum reduzieren werden. Wenn Sie uns eine Anfrage senden (z. B. per E-Mail-Support oder \u00fcber einen unserer Feedback-Mechanismen), behalten wir uns das Recht vor, diese zu ver\u00f6ffentlichen, um uns bei der Kl\u00e4rung oder Beantwortung Ihrer Anfrage oder bei der Unterst\u00fctzung anderer Benutzer zu unterst\u00fctzen. Premium Usluge ergreift alle vern\u00fcnftigerweise notwendigen Ma\u00dfnahmen, um sich gegen den unbefugten Zugriff, die Verwendung, \u00c4nderung oder Zerst\u00f6rung potenziell pers\u00f6nlich identifizierbarer und pers\u00f6nlich identifizierbarer Informationen zu sch\u00fctzen.         <\/p>\n\n<p><strong>Cookies<\/strong><\/p>\n\n<p>Ein Cookie ist eine Zeichenfolge von Informationen, die eine Website auf dem Computer eines Besuchers speichert und die der Webbrowser des Besuchers bei jedem erneuten Besuch der Website an die Website sendet. Premium Usluge verwendet Cookies, um Besucher zu identifizieren und ihre Nutzung der Premium Usluge-Website sowie ihre Website-Zugriffspr\u00e4ferenzen zu verfolgen. Besucher von Premium Usluge, die keine Cookies auf ihren Computern gespeichert haben m\u00f6chten, sollten ihre Browser so einstellen, dass Cookies abgelehnt werden, bevor sie die Premium Usluge-Websites nutzen. Dies kann jedoch dazu f\u00fchren, dass bestimmte Funktionen der Premium Usluge-Websites ohne Cookies nicht ordnungsgem\u00e4\u00df funktionieren.  <\/p>\n\n<p><strong>Gesch\u00e4fts\u00fcbertragungen<\/strong><\/p>\n\n<p>Wenn Premium Usluge oder im Wesentlichen alle seine Verm\u00f6genswerte erworben werden oder im unwahrscheinlichen Fall, dass Premium Usluge sein Gesch\u00e4ft einstellt oder in Konkurs geht, werden die Benutzerinformationen zu einem der Verm\u00f6genswerte, die von einer Drittpartei \u00fcbertragen oder erworben werden. Sie erkennen an, dass solche \u00dcbertragungen stattfinden k\u00f6nnen und dass jeder Erwerber von Premium Usluge Ihre pers\u00f6nlichen Informationen weiterhin gem\u00e4\u00df dieser Richtlinie verwenden kann. <\/p>\n\n<p><strong>\u00c4nderungen der Datenschutzrichtlinie<\/strong><\/p>\n\n<p>Obwohl die meisten \u00c4nderungen wahrscheinlich geringf\u00fcgig sind, kann Premium Usluge seine Datenschutzrichtlinie von Zeit zu Zeit und nach eigenem Ermessen \u00e4ndern. Premium Usluge ermutigt Besucher, diese Seite h\u00e4ufig auf \u00c4nderungen in der Datenschutzrichtlinie zu \u00fcberpr\u00fcfen. Ihre fortgesetzte Nutzung dieser Website nach einer \u00c4nderung dieser Datenschutzrichtlinie bedeutet Ihre Zustimmung zu einer solchen \u00c4nderung.  <\/p>\n","protected":false},"excerpt":{"rendered":"<p>Datenschutz Ihre Privatsph\u00e4re ist uns sehr wichtig. Bei Premium Usluge haben wir einige grundlegende Prinzipien, denen wir folgen: Es ist die Politik von Premium Usluge, Ihre Privatsph\u00e4re in Bezug auf alle Informationen zu respektieren, die wir w\u00e4hrend des Betriebs unserer Websites erfassen k\u00f6nnten. Website-Besucher Wie die meisten Website-Betreiber erhebt Premium Usluge nicht-personenbezogene Informationen, die Webbrowser [&hellip;]<\/p>\n","protected":false},"author":1,"featured_media":0,"parent":0,"menu_order":0,"comment_status":"closed","ping_status":"closed","template":"","meta":{"_seopress_robots_primary_cat":"","_seopress_titles_title":"","_seopress_titles_desc":"","_seopress_robots_index":"yes","footnotes":""},"class_list":["post-8482","page","type-page","status-publish","hentry"],"_links":{"self":[{"href":"https:\/\/premiumusluge.hr\/de\/wp-json\/wp\/v2\/pages\/8482"}],"collection":[{"href":"https:\/\/premiumusluge.hr\/de\/wp-json\/wp\/v2\/pages"}],"about":[{"href":"https:\/\/premiumusluge.hr\/de\/wp-json\/wp\/v2\/types\/page"}],"author":[{"embeddable":true,"href":"https:\/\/premiumusluge.hr\/de\/wp-json\/wp\/v2\/users\/1"}],"replies":[{"embeddable":true,"href":"https:\/\/premiumusluge.hr\/de\/wp-json\/wp\/v2\/comments?post=8482"}],"version-history":[{"count":2,"href":"https:\/\/premiumusluge.hr\/de\/wp-json\/wp\/v2\/pages\/8482\/revisions"}],"predecessor-version":[{"id":9280,"href":"https:\/\/premiumusluge.hr\/de\/wp-json\/wp\/v2\/pages\/8482\/revisions\/9280"}],"wp:attachment":[{"href":"https:\/\/premiumusluge.hr\/de\/wp-json\/wp\/v2\/media?parent=8482"}],"curies":[{"name":"wp","href":"https:\/\/api.w.org\/{rel}","templated":true}]}}