{"id":8896,"date":"2023-07-15T08:49:37","date_gmt":"2023-07-14T20:49:37","guid":{"rendered":"https:\/\/premiumusluge.hr\/prijava\/"},"modified":"2023-09-02T12:30:59","modified_gmt":"2023-09-02T00:30:59","slug":"login","status":"publish","type":"page","link":"https:\/\/premiumusluge.hr\/sl\/login\/","title":{"rendered":"Prijava"},"content":{"rendered":"\t\t<div data-elementor-type=\"wp-page\" data-elementor-id=\"8896\" class=\"elementor elementor-8896\">\n\t\t\t\t        <section class=\"elementor-section elementor-top-section elementor-element elementor-element-f259d98 elementor-section-boxed elementor-section-height-default elementor-section-height-default ct-header-fixed-none\" data-id=\"f259d98\" data-element_type=\"section\">\n                            <div class=\"elementor-background-overlay\"><\/div>\n                \n                        <div class=\"elementor-container elementor-column-gap-default \">\n                    <div class=\"elementor-column elementor-col-100 elementor-top-column elementor-element elementor-element-4d1e44a\" data-id=\"4d1e44a\" data-element_type=\"column\">\n        <div class=\"elementor-widget-wrap elementor-element-populated\">\n                    \n        \t\t<div class=\"elementor-element elementor-element-d097f35 elementor-invisible elementor-widget elementor-widget-ct_heading\" data-id=\"d097f35\" data-element_type=\"widget\" data-settings=\"{&quot;_animation&quot;:&quot;fadeInUp&quot;}\" data-widget_type=\"ct_heading.default\">\n\t\t\t\t<div class=\"elementor-widget-container\">\n\t\t\t\t\t<div id=\"ct_heading-d097f35\" class=\"ct-heading h-align- ct-heading-left item-st-default\">\r\n\t<div class=\"ct-heading--inner\">\r\n        <div class=\"ct-inline-css\"  data-css=\"\r\n            \">\r\n        <\/div>\r\n                <h3 class=\"item--title  st-default \" data-wow-delay=\"ms\">\r\n            <span class=\"ct-text-inner\">Moj Ra\u010dun<\/span>        <\/h3>\r\n    <\/div>\r\n<\/div>\t\t\t\t<\/div>\n\t\t\t\t<\/div>\n\t\t\t\t<div class=\"elementor-element elementor-element-27028bf elementor-invisible elementor-widget elementor-widget-ct_text_editor\" data-id=\"27028bf\" data-element_type=\"widget\" data-settings=\"{&quot;_animation&quot;:&quot;fadeInUp&quot;}\" data-widget_type=\"ct_text_editor.default\">\n\t\t\t\t<div class=\"elementor-widget-container\">\n\t\t\t\t\t<div id=\"ct_text_editor-27028bf\" class=\"ct-text-editor \" data-wow-delay=\"ms\">\n\t<div class=\"ct-item--inner\">\n\t\t<div class=\"ct-inline-css\"  data-css=\"\n\t        \t\t\t\">\n\n\t    <\/div>\n\t\t<div class=\"ct-text-editor elementor-clearfix\">\n\t\t\t<p>Zelo smo veseli, da ste tukaj. To je va\u0161 personaliziran prostor, kjer lahko udobno upravljate in dostopate do vseh informacij o svojem ra\u010dunu. Od upravljanja s \u010di\u0161\u010denjem do spremljanja transakcij, vam &#8220;Moj ra\u010dun&#8221; omogo\u010da nadzor.  <\/p>\t\t\n\t\t<\/div>\n\t<\/div>\n<\/div>\t\t\t\t<\/div>\n\t\t\t\t<\/div>\n\t\t            <\/div>\n        <\/div>\n                    <\/div>\n        <\/section>\n                <section class=\"elementor-section elementor-top-section elementor-element elementor-element-a0f61b0 elementor-section-stretched elementor-section-boxed elementor-section-height-default elementor-section-height-default ct-header-fixed-none\" data-id=\"a0f61b0\" data-element_type=\"section\" data-settings=\"{&quot;stretch_section&quot;:&quot;section-stretched&quot;,&quot;background_background&quot;:&quot;classic&quot;}\">\n            \n                        <div class=\"elementor-container elementor-column-gap-extended \">\n                    <div class=\"elementor-column elementor-col-50 elementor-top-column elementor-element elementor-element-98bc24a\" data-id=\"98bc24a\" data-element_type=\"column\">\n        <div class=\"elementor-widget-wrap elementor-element-populated\">\n                    \n        \t\t<div class=\"elementor-element elementor-element-fb7cc22 elementor-widget elementor-widget-shortcode\" data-id=\"fb7cc22\" data-element_type=\"widget\" data-widget_type=\"shortcode.default\">\n\t\t\t\t<div class=\"elementor-widget-container\">\n\t\t\t\t\t\t\t<div class=\"elementor-shortcode\"><div class=\"tml tml-login\">\n<div class=\"tml-alerts\"><\/div><form name=\"login\" action=\"https:\/\/premiumusluge.hr\/sl\/login\/\" method=\"post\">\n<div class=\"tml-field-wrap tml-log-wrap\">\n<label class=\"tml-label\" for=\"user_login\">Uporabni\u0161ko ime ali e-po\u0161tni naslov<\/label>\n<input name=\"log\" type=\"text\" value=\"\" id=\"user_login\" autocapitalize=\"off\" class=\"tml-field\">\n<\/div>\n\n<div class=\"tml-field-wrap tml-pwd-wrap\">\n<label class=\"tml-label\" for=\"user_pass\">Geslo<\/label>\n<input name=\"pwd\" type=\"password\" value=\"\" id=\"user_pass\" class=\"tml-field\">\n<\/div>\n\n\n<div class=\"tml-field-wrap tml-rememberme-wrap\">\n<input name=\"rememberme\" type=\"checkbox\" value=\"forever\" id=\"rememberme\" class=\"tml-checkbox\">\n<label class=\"tml-label\" for=\"rememberme\">Zapomni si me<\/label>\n<\/div>\n\n<div class=\"tml-field-wrap tml-submit-wrap\">\n<button name=\"submit\" type=\"submit\" class=\"tml-button\">Prijava<\/button>\n<\/div>\n\n<input name=\"redirect_to\" type=\"hidden\" value=\"https:\/\/premiumusluge.hr\/wp-admin\/\">\n\n<\/form>\n<ul class=\"tml-links\"><li class=\"tml-lostpassword-link\"><a href=\"https:\/\/premiumusluge.hr\/sl\/lost-password\/\">Ste pozabili geslo?<\/a><\/li><\/ul><\/div>\n<\/div>\n\t\t\t\t\t\t<\/div>\n\t\t\t\t<\/div>\n\t\t            <\/div>\n        <\/div>\n                <div class=\"elementor-column elementor-col-50 elementor-top-column elementor-element elementor-element-df09bef\" data-id=\"df09bef\" data-element_type=\"column\">\n        <div class=\"elementor-widget-wrap elementor-element-populated\">\n                    \n        \t\t<div class=\"elementor-element elementor-element-7bd2184 elementor-invisible elementor-widget elementor-widget-ct_image\" data-id=\"7bd2184\" data-element_type=\"widget\" data-settings=\"{&quot;_animation&quot;:&quot;fadeInRight&quot;}\" data-widget_type=\"ct_image.default\">\n\t\t\t\t<div class=\"elementor-widget-container\">\n\t\t\t\t\t<div class=\"ct-image-single ct-no-effect  \">\r\n                        <img fetchpriority=\"high\" decoding=\"async\" width=\"1440\" height=\"1080\" src=\"https:\/\/premiumusluge.hr\/wp-content\/uploads\/2023\/07\/login.jpg\" class=\"attachment-full\" alt=\"\" \/>            <\/div>\t\t\t\t<\/div>\n\t\t\t\t<\/div>\n\t\t            <\/div>\n        <\/div>\n                    <\/div>\n        <\/section>\n                <section class=\"elementor-section elementor-top-section elementor-element elementor-element-9dcbce4 elementor-section-boxed elementor-section-height-default elementor-section-height-default ct-header-fixed-none\" data-id=\"9dcbce4\" data-element_type=\"section\">\n                            <div class=\"elementor-background-overlay\"><\/div>\n                \n                        <div class=\"elementor-container elementor-column-gap-default \">\n                    <div class=\"elementor-column elementor-col-100 elementor-top-column elementor-element elementor-element-c5ab972\" data-id=\"c5ab972\" data-element_type=\"column\">\n        <div class=\"elementor-widget-wrap elementor-element-populated\">\n                    \n        \t\t<div class=\"elementor-element elementor-element-d04b05c elementor-invisible elementor-widget elementor-widget-ct_text_editor\" data-id=\"d04b05c\" data-element_type=\"widget\" data-settings=\"{&quot;_animation&quot;:&quot;fadeInUp&quot;}\" data-widget_type=\"ct_text_editor.default\">\n\t\t\t\t<div class=\"elementor-widget-container\">\n\t\t\t\t\t<div id=\"ct_text_editor-d04b05c\" class=\"ct-text-editor \" data-wow-delay=\"ms\">\n\t<div class=\"ct-item--inner\">\n\t\t<div class=\"ct-inline-css\"  data-css=\"\n\t        \t\t\t\">\n\n\t    <\/div>\n\t\t<div class=\"ct-text-editor elementor-clearfix\">\n\t\t\t<p>\u010ce imate te\u017eave pri dostopu do svojega ra\u010duna, nas ne oklevajte <a href=\"https:\/\/premiumusluge.hr\/sl\/#contact-us\">kontaktirati<\/a>. Tu smo, da vam pomagamo in re\u0161imo vse te\u017eave, s katerimi se sre\u010dujete. Va\u0161e zadovoljstvo nam je pomembno. <\/p>\t\t\n\t\t<\/div>\n\t<\/div>\n<\/div>\t\t\t\t<\/div>\n\t\t\t\t<\/div>\n\t\t        <section class=\"elementor-section elementor-inner-section elementor-element elementor-element-ec19ce7 elementor-section-boxed elementor-section-height-default elementor-section-height-default ct-header-fixed-none\" data-id=\"ec19ce7\" data-element_type=\"section\">\n            \n                        <div class=\"elementor-container elementor-column-gap-default \">\n                    <div class=\"elementor-column elementor-col-100 elementor-inner-column elementor-element elementor-element-245801b\" data-id=\"245801b\" data-element_type=\"column\">\n        <div class=\"elementor-widget-wrap elementor-element-populated\">\n                    \n        \t\t<div class=\"elementor-element elementor-element-256a5dd elementor-align-center elementor-widget elementor-widget-ct_button\" data-id=\"256a5dd\" data-element_type=\"widget\" data-widget_type=\"ct_button.default\">\n\t\t\t\t<div class=\"elementor-widget-container\">\n\t\t\t\t\t<div id=\"ct_button-256a5dd\" class=\"ct-button-wrapper ct-button-layout1\">\r\n    <div class=\"ct-inline-css\"  data-css=\"\r\n        \">\r\n    <\/div>\r\n            <span class=\"ct-icon-active\"><\/span>\r\n        <a href=\"https:\/\/premiumusluge.hr\/sl\/#contact-us\" class=\"btn   btn-default wow fadeInUp icon-ps- \" data-wow-delay=\"220ms\">\r\n                            <span class=\"ct-button-icon ct-align-icon-\">\r\n                            <\/span>\r\n                <span class=\"ct-button-text\">\r\n                        Contact Us        <\/span>\r\n    <\/a>\r\n<\/div>\t\t\t\t<\/div>\n\t\t\t\t<\/div>\n\t\t            <\/div>\n        <\/div>\n                    <\/div>\n        <\/section>\n                    <\/div>\n        <\/div>\n                    <\/div>\n        <\/section>\n        \t\t<\/div>\n\t\t","protected":false},"excerpt":{"rendered":"<p>Moj Ra\u010dun Zelo smo veseli, da ste tukaj. To je va\u0161 personaliziran prostor, kjer lahko udobno upravljate in dostopate do vseh informacij o svojem ra\u010dunu. Od upravljanja s \u010di\u0161\u010denjem do spremljanja transakcij, vam &#8220;Moj ra\u010dun&#8221; omogo\u010da nadzor. \u010ce imate te\u017eave pri dostopu do svojega ra\u010duna, nas ne oklevajte kontaktirati. Tu smo, da vam pomagamo in [&hellip;]<\/p>\n","protected":false},"author":1,"featured_media":0,"parent":0,"menu_order":0,"comment_status":"closed","ping_status":"closed","template":"","meta":{"_seopress_robots_primary_cat":"","_seopress_titles_title":"","_seopress_titles_desc":"","_seopress_robots_index":"","footnotes":""},"class_list":["post-8896","page","type-page","status-publish","hentry"],"_links":{"self":[{"href":"https:\/\/premiumusluge.hr\/sl\/wp-json\/wp\/v2\/pages\/8896"}],"collection":[{"href":"https:\/\/premiumusluge.hr\/sl\/wp-json\/wp\/v2\/pages"}],"about":[{"href":"https:\/\/premiumusluge.hr\/sl\/wp-json\/wp\/v2\/types\/page"}],"author":[{"embeddable":true,"href":"https:\/\/premiumusluge.hr\/sl\/wp-json\/wp\/v2\/users\/1"}],"replies":[{"embeddable":true,"href":"https:\/\/premiumusluge.hr\/sl\/wp-json\/wp\/v2\/comments?post=8896"}],"version-history":[{"count":32,"href":"https:\/\/premiumusluge.hr\/sl\/wp-json\/wp\/v2\/pages\/8896\/revisions"}],"predecessor-version":[{"id":9842,"href":"https:\/\/premiumusluge.hr\/sl\/wp-json\/wp\/v2\/pages\/8896\/revisions\/9842"}],"wp:attachment":[{"href":"https:\/\/premiumusluge.hr\/sl\/wp-json\/wp\/v2\/media?parent=8896"}],"curies":[{"name":"wp","href":"https:\/\/api.w.org\/{rel}","templated":true}]}}